{"id":3239,"date":"2025-11-18T20:10:10","date_gmt":"2025-11-18T20:10:10","guid":{"rendered":"https:\/\/gastronomia.adrirodrigof4.es\/?page_id=3239"},"modified":"2026-02-19T16:06:25","modified_gmt":"2026-02-19T16:06:25","slug":"aitzol-zugasti-arizmendi","status":"publish","type":"page","link":"https:\/\/gastronomia.adrirodrigof4.es\/en\/aitzol-zugasti-arizmendi\/","title":{"rendered":"On my"},"content":{"rendered":"<p>[et_pb_section fb_built=\u00bb1&#8243; admin_label=\u00bbHeader\u00bb _builder_version=\u00bb4.7.7&#8243; _module_preset=\u00bbdefault\u00bb background_color=\u00bbgcid-84832e44-2b34-4d33-8eb3-ac4d4d31e368&#8243; background_image=\u00bbhttps:\/\/gastronomia.adrirodrigof4.es\/wp-content\/uploads\/2026\/02\/Portada-.jpg\u00bb parallax=\u00bbon\u00bb max_height=\u00bb85vh\u00bb custom_margin=\u00bb||-3px|||\u00bb custom_padding=\u00bb||250px||false|false\u00bb hover_enabled=\u00bb0&#8243; background_last_edited=\u00bbon|phone\u00bb parallax_phone=\u00bboff\u00bb background_position_phone=\u00bbtop_right\u00bb locked=\u00bboff\u00bb collapsed=\u00bbon\u00bb title_text=\u00bbPortada\u00bb sticky_enabled=\u00bb0&#8243;][et_pb_row _builder_version=\u00bb4.7.7&#8243; _module_preset=\u00bbdefault\u00bb animation_style=\u00bbfade\u00bb animation_duration=\u00bb1600ms\u00bb][et_pb_column type=\u00bb4_4&#8243; _builder_version=\u00bb4.21.0&#8243; _module_preset=\u00bbdefault\u00bb][et_pb_text _builder_version=\u00bb4.21.0&#8243; _module_preset=\u00bba3aef665-b401-48b0-94d6-f3acc0307f4d\u00bb header_font=\u00bbPlayfair Display||||\u00bb header_text_color=\u00bb#FFFFFF\u00bb header_font_size=\u00bb72px\u00bb header_line_height=\u00bb1.3em\u00bb text_orientation=\u00bbcenter\u00bb header_font_size_tablet=\u00bb40px\u00bb header_font_size_phone=\u00bb24px\u00bb header_font_size_last_edited=\u00bbon|tablet\u00bb]<\/p>\n<h1>Aitzol Zugasti Arizmendi<\/h1>\n<p>[\/et_pb_text][\/et_pb_column][\/et_pb_row][\/et_pb_section][et_pb_section fb_built=\u00bb1&#8243; admin_label=\u00bbOur Team\u00bb _builder_version=\u00bb4.7.7&#8243; background_enable_image=\u00bboff\u00bb background_position=\u00bbtop_left\u00bb custom_margin=\u00bb30px||||false|false\u00bb custom_padding=\u00bb||||false|false\u00bb locked=\u00bboff\u00bb collapsed=\u00bbon\u00bb][et_pb_row column_structure=\u00bb1_2,1_2&#8243; _builder_version=\u00bb4.21.0&#8243; background_size=\u00bbinitial\u00bb background_position=\u00bbtop_left\u00bb background_repeat=\u00bbrepeat\u00bb custom_margin=\u00bb|||\u00bb custom_padding=\u00bb|||\u00bb][et_pb_column type=\u00bb1_2&#8243; _builder_version=\u00bb4.21.0&#8243; background_position=\u00bbtop_left\u00bb custom_padding=\u00bb60px|||\u00bb custom_padding_tablet=\u00bb0px||||false|false\u00bb custom_padding_phone=\u00bb0px||||false|false\u00bb custom_padding_last_edited=\u00bbon|desktop\u00bb custom_padding__hover=\u00bb|||\u00bb][et_pb_text module_class=\u00bbseo-hidden\u00bb _builder_version=\u00bb4.7.7&#8243; _module_preset=\u00bbee2b5842-ffdd-4dc0-8983-c49504dc9cb4&#8243; text_font=\u00bb||||||||\u00bb header_font=\u00bb||||||||\u00bb header_3_font=\u00bbMontserrat|700||on|||||\u00bb header_3_text_color=\u00bb#bfbfbf\u00bb header_3_font_size=\u00bb14px\u00bb header_3_letter_spacing=\u00bb2px\u00bb header_3_line_height=\u00bb1.3em\u00bb header_4_font=\u00bbMontserrat|700||on|||||\u00bb header_4_text_color=\u00bb#bfbfbf\u00bb header_4_font_size=\u00bb14px\u00bb header_4_letter_spacing=\u00bb0.15em\u00bb header_4_line_height=\u00bb1.4em\u00bb background_size=\u00bbinitial\u00bb background_position=\u00bbtop_left\u00bb background_repeat=\u00bbrepeat\u00bb module_alignment=\u00bbcenter\u00bb custom_margin=\u00bb||12px|\u00bb custom_padding=\u00bb|||\u00bb animation_style=\u00bbslide\u00bb animation_direction=\u00bbbottom\u00bb saved_tabs=\u00bball\u00bb locked=\u00bboff\u00bb text_letter_spacing__hover=\u00bb0px\u00bb text_letter_spacing__hover_enabled=\u00bb0px\u00bb text_line_height__hover=\u00bb1.7em\u00bb text_line_height__hover_enabled=\u00bb1.7em\u00bb text_orientation__hover=\u00bbleft\u00bb text_orientation__hover_enabled=\u00bbleft\u00bb text_font_size__hover=\u00bb14px\u00bb text_font_size__hover_enabled=\u00bb14px\u00bb text_text_shadow_style__hover=\u00bbnone\u00bb text_text_shadow_style__hover_enabled=\u00bbnone\u00bb text_text_shadow_color__hover=\u00bbrgba(0,0,0,0.4)\u00bb text_text_shadow_color__hover_enabled=\u00bbrgba(0,0,0,0.4)\u00bb link_font_size__hover=\u00bb14px\u00bb link_font_size__hover_enabled=\u00bb14px\u00bb link_letter_spacing__hover=\u00bb0px\u00bb link_letter_spacing__hover_enabled=\u00bb0px\u00bb link_line_height__hover=\u00bb1em\u00bb link_line_height__hover_enabled=\u00bb1em\u00bb link_text_shadow_style__hover=\u00bbnone\u00bb link_text_shadow_style__hover_enabled=\u00bbnone\u00bb link_text_shadow_color__hover=\u00bbrgba(0,0,0,0.4)\u00bb link_text_shadow_color__hover_enabled=\u00bbrgba(0,0,0,0.4)\u00bb ul_font_size__hover=\u00bb14px\u00bb ul_font_size__hover_enabled=\u00bb14px\u00bb ul_letter_spacing__hover=\u00bb0px\u00bb ul_letter_spacing__hover_enabled=\u00bb0px\u00bb ul_line_height__hover=\u00bb1em\u00bb ul_line_height__hover_enabled=\u00bb1em\u00bb ul_text_shadow_style__hover=\u00bbnone\u00bb ul_text_shadow_style__hover_enabled=\u00bbnone\u00bb ul_text_shadow_color__hover=\u00bbrgba(0,0,0,0.4)\u00bb ul_text_shadow_color__hover_enabled=\u00bbrgba(0,0,0,0.4)\u00bb ol_font_size__hover=\u00bb14px\u00bb ol_font_size__hover_enabled=\u00bb14px\u00bb ol_letter_spacing__hover=\u00bb0px\u00bb ol_letter_spacing__hover_enabled=\u00bb0px\u00bb ol_line_height__hover=\u00bb1em\u00bb ol_line_height__hover_enabled=\u00bb1em\u00bb ol_text_shadow_style__hover=\u00bbnone\u00bb ol_text_shadow_style__hover_enabled=\u00bbnone\u00bb ol_text_shadow_color__hover=\u00bbrgba(0,0,0,0.4)\u00bb ol_text_shadow_color__hover_enabled=\u00bbrgba(0,0,0,0.4)\u00bb quote_font_size__hover=\u00bb14px\u00bb quote_font_size__hover_enabled=\u00bb14px\u00bb quote_letter_spacing__hover=\u00bb0px\u00bb quote_letter_spacing__hover_enabled=\u00bb0px\u00bb quote_line_height__hover=\u00bb1em\u00bb quote_line_height__hover_enabled=\u00bb1em\u00bb quote_text_shadow_style__hover=\u00bbnone\u00bb quote_text_shadow_style__hover_enabled=\u00bbnone\u00bb quote_text_shadow_color__hover=\u00bbrgba(0,0,0,0.4)\u00bb quote_text_shadow_color__hover_enabled=\u00bbrgba(0,0,0,0.4)\u00bb background_layout__hover=\u00bblight\u00bb background_layout__hover_enabled=\u00bblight\u00bb]<\/p>\n<h2>Sobre mi<\/h2>\n<p>[\/et_pb_text][et_pb_text _builder_version=\u00bb4.7.7&#8243; _module_preset=\u00bbdefault\u00bb custom_margin=\u00bb-100px||||false|false\u00bb custom_css_main_element=\u00bbfont-family: %22Montserrat%22, Helvetica, Arial, Lucida, sans-serif;||    font-weight: 700;||    font-style: normal;||    font-size: 14px;||    line-height: 18px;||    color: rgb(191, 191, 191);||    letter-spacing: 2px; \/* separaci\u00f3n entre letras *\/||    margin: 0; \/* opcional, para reset de m\u00e1rgenes *\/||    text-transform: none; \/* opcional, cambiar a uppercase si quer\u00e9s *\/\u00bb]<\/p>\n<p>SOBRE MI<\/p>\n<p>[\/et_pb_text][et_pb_divider color=\u00bbgcid-7596c256-4c64-4d97-9050-6bb3cb4c294c\u00bb divider_weight=\u00bb3px\u00bb _builder_version=\u00bb4.20.4&#8243; max_width=\u00bb60px\u00bb custom_margin=\u00bb||10px|\u00bb locked=\u00bboff\u00bb][\/et_pb_divider][et_pb_text _builder_version=\u00bb4.7.7&#8243; _module_preset=\u00bbdefault\u00bb text_font=\u00bbYeseva One||||||||\u00bb text_font_size=\u00bb38px\u00bb custom_padding=\u00bb||20px||false|false\u00bb]<\/p>\n<h3>Forjando oficio en Euskal Herria<\/h3>\n<p>[\/et_pb_text][et_pb_text disabled_on=\u00bbon|on|off\u00bb module_class=\u00bbseo-hidden\u00bb _builder_version=\u00bb4.7.7&#8243; _module_preset=\u00bbde074b71-79ab-4f85-9a31-109241f6b17f\u00bb text_font=\u00bb||||||||\u00bb header_font=\u00bb||||||||\u00bb header_2_font=\u00bbPlayfair Display||||\u00bb header_2_font_size=\u00bb48px\u00bb header_2_line_height=\u00bb1.3em\u00bb background_size=\u00bbinitial\u00bb background_position=\u00bbtop_left\u00bb background_repeat=\u00bbrepeat\u00bb header_2_font_size_tablet=\u00bb32px\u00bb header_2_font_size_phone=\u00bb20px\u00bb header_2_font_size_last_edited=\u00bbon|desktop\u00bb header_font_size__hover=\u00bb30px\u00bb header_font_size__hover_enabled=\u00bb30px\u00bb header_letter_spacing__hover=\u00bb0px\u00bb header_letter_spacing__hover_enabled=\u00bb0px\u00bb header_text_shadow_style__hover=\u00bbnone\u00bb header_text_shadow_style__hover_enabled=\u00bbnone\u00bb header_text_shadow_color__hover=\u00bbrgba(0,0,0,0.4)\u00bb header_text_shadow_color__hover_enabled=\u00bbrgba(0,0,0,0.4)\u00bb]<\/p>\n<h3>Forjando<\/h3>\n<p>[\/et_pb_text][et_pb_text _builder_version=\u00bb4.7.7&#8243; _module_preset=\u00bb13374569-494c-440f-bd70-ed0c4e0d48d6&#8243; text_font=\u00bbMontserrat||||\u00bb text_font_size=\u00bb17px\u00bb text_line_height=\u00bb1.8em\u00bb custom_margin=\u00bb-40px||||false|false\u00bb animation_style=\u00bbslide\u00bb animation_direction=\u00bbtop\u00bb animation_intensity_slide=\u00bb4%\u00bb text_font_size_tablet=\u00bb15px\u00bb text_font_size_phone=\u00bb14px\u00bb text_font_size_last_edited=\u00bbon|desktop\u00bb]<\/p>\n<p><span style=\"font-weight: 400;\">Tras cursar mis estudios de Hosteler\u00eda en el hist\u00f3rico <\/span><b>CEBANC<\/b><span style=\"font-weight: 400;\"> de <\/span><b>Intxaurrondo (Donostia\/San Sebasti\u00e1n)<\/b><span style=\"font-weight: 400;\">, he desarrollado mi trayectoria en formatos muy distintos: restaurantes peque\u00f1os, <\/span><b>asadores<\/b><span style=\"font-weight: 400;\">, bares de pintxos, hoteles con encanto, de gran lujo\u00a0 y proyectos gastron\u00f3micos de alta exigencia. He trabajado en el <\/span><b>Pa\u00eds Vasco \/ Euskadi<\/b><span style=\"font-weight: 400;\">, Francia, Islas Canarias o <\/span><b>Londres<\/b><span style=\"font-weight: 400;\">, sumando mirada, t\u00e9cnica y una idea clara de lo que significa sostener un servicio cada d\u00eda.<\/span><\/p>\n<p><span style=\"font-weight: 400;\">Durante <\/span><b>cinco a\u00f1os<\/b><span style=\"font-weight: 400;\"> trabaj\u00e9 como <\/span><b>formador en el Basque Culinary Center<\/b><span style=\"font-weight: 400;\">, en sus inicios, una etapa que reforz\u00f3 mi enfoque: rigor, organizaci\u00f3n, innovaci\u00f3n aplicada y la transmisi\u00f3n del conocimiento con los pies en la realidad de la cocina.<\/span><\/p>\n<p><span style=\"font-weight: 400;\">Hoy ofrezco un servicio profesionalizado de <\/span><b>asesor\u00eda gastron\u00f3mica<\/b><span style=\"font-weight: 400;\"> y <\/span><b>formaci\u00f3n<\/b><span style=\"font-weight: 400;\">, con especialidad en <\/span><b>parrilla<\/b><span style=\"font-weight: 400;\"> y <\/span><b>cocina vasca<\/b><span style=\"font-weight: 400;\">. Acompa\u00f1o al empresario a definir el concepto, construir el equipo, formar profesionales, elaborar cartas, estandarizar procesos y supervisar el control de gastos, siempre con una premisa: que la propuesta se ejecute bien y se sostenga en el tiempo, <\/span><b>sin perder la referencia de que cada local es un proyecto \u00fanico y personal<\/b><span style=\"font-weight: 400;\">.<\/span><\/p>\n<p>[\/et_pb_text][\/et_pb_column][et_pb_column type=\u00bb1_2&#8243; _builder_version=\u00bb4.16&#8243; background_position=\u00bbtop_left\u00bb custom_padding=\u00bb|||\u00bb custom_padding__hover=\u00bb|||\u00bb][et_pb_image src=\u00bbhttps:\/\/gastronomia.adrirodrigof4.es\/wp-content\/uploads\/2026\/02\/Aitzol-42-scaled.jpg\u00bb title_text=\u00bbAitzol Zugasti\u00bb _builder_version=\u00bb4.7.7&#8243; animation_style=\u00bbslide\u00bb animation_direction=\u00bbleft\u00bb animation_intensity_slide=\u00bb10%\u00bb always_center_on_mobile=\u00bboff\u00bb][\/et_pb_image][\/et_pb_column][\/et_pb_row][\/et_pb_section][et_pb_section fb_built=\u00bb1&#8243; admin_label=\u00bbInnovation\u00bb _builder_version=\u00bb4.21.0&#8243; use_background_color_gradient=\u00bbon\u00bb background_color_gradient_start=\u00bb#1f1f1f\u00bb background_color_gradient_end=\u00bbrgba(31,31,31,0)\u00bb background_color_gradient_direction=\u00bb100deg\u00bb background_color_gradient_start_position=\u00bb50%\u00bb background_image=\u00bbhttps:\/\/gastronomia.adrirodrigof4.es\/wp-content\/uploads\/2025\/11\/restaurant-hero-05.jpg\u00bb background_blend=\u00bbmultiply\u00bb custom_padding=\u00bb8vw||8vw||true|false\u00bb collapsed=\u00bboff\u00bb][et_pb_row _builder_version=\u00bb4.7.7&#8243; background_size=\u00bbinitial\u00bb background_position=\u00bbtop_left\u00bb background_repeat=\u00bbrepeat\u00bb custom_padding=\u00bb27px|0px|27px|0px\u00bb custom_width_px=\u00bb1774px\u00bb][et_pb_column type=\u00bb4_4&#8243; _builder_version=\u00bb4.16&#8243; custom_padding=\u00bb|||\u00bb custom_padding__hover=\u00bb|||\u00bb][et_pb_divider color=\u00bbgcid-7596c256-4c64-4d97-9050-6bb3cb4c294c\u00bb divider_weight=\u00bb3px\u00bb _builder_version=\u00bb4.20.4&#8243; max_width=\u00bb60px\u00bb custom_margin=\u00bb||10px|\u00bb locked=\u00bboff\u00bb][\/et_pb_divider][et_pb_text _builder_version=\u00bb4.7.7&#8243; _module_preset=\u00bbde074b71-79ab-4f85-9a31-109241f6b17f\u00bb header_2_font=\u00bbPlayfair Display||||\u00bb header_2_text_color=\u00bb#FFFFFF\u00bb header_2_font_size=\u00bb48px\u00bb header_2_line_height=\u00bb1.3em\u00bb header_2_font_size_tablet=\u00bb32px\u00bb header_2_font_size_phone=\u00bb20px\u00bb header_2_font_size_last_edited=\u00bbon|desktop\u00bb custom_css_main_element=\u00bbfont-family: %22Yeseva One%22, display;||    font-weight: 500;||    font-style: normal;||    font-size: 48px;||    line-height: 62px;||    color: rgb(255, 255, 255); \/* blanco *\/||    margin: 0; \/* opcional, para reset de m\u00e1rgenes *\/||    letter-spacing: normal; \/* opcional, pod\u00e9s ajustar si quer\u00e9s separaci\u00f3n de letras *\/||    text-transform: none; \/* opcional: uppercase si quer\u00e9s *\/\u00bb]<\/p>\n<p><span>Con esta mochila de experiencias, una gran dosis de ilusi\u00f3n y el amor a mi trabajo, afronto un nuevo reto, ofreciendo un\u00a0<\/span><span>servicio profesionalizado de asesor\u00eda integral<\/span><span>\u00a0a la hosteler\u00eda.<\/span>[\/et_pb_text][\/et_pb_column][\/et_pb_row][\/et_pb_section][et_pb_section fb_built=\u00bb1&#8243; admin_label=\u00bbFooter\u00bb _builder_version=\u00bb4.7.7&#8243; background_color=\u00bbrgba(0,0,0,0.75)\u00bb background_image=\u00bbhttps:\/\/gastronomia.adrirodrigof4.es\/wp-content\/uploads\/2025\/11\/restaurant-hero-03.jpg\u00bb background_blend=\u00bbcolor\u00bb saved_tabs=\u00bball\u00bb locked=\u00bboff\u00bb collapsed=\u00bbon\u00bb][et_pb_row make_equal=\u00bbon\u00bb _builder_version=\u00bb4.7.7&#8243; background_size=\u00bbinitial\u00bb background_position=\u00bbtop_left\u00bb background_repeat=\u00bbrepeat\u00bb max_width=\u00bb1280px\u00bb custom_margin=\u00bb|||\u00bb custom_padding=\u00bb|||\u00bb use_custom_width=\u00bbon\u00bb custom_width_px=\u00bb1280px\u00bb][et_pb_column type=\u00bb4_4&#8243; _builder_version=\u00bb4.21.0&#8243; background_color=\u00bbgcid-84832e44-2b34-4d33-8eb3-ac4d4d31e368&#8243; custom_padding=\u00bb100px|5%|100px|5%\u00bb custom_padding_tablet=\u00bb40px||40px||true|false\u00bb custom_padding_phone=\u00bb30px||30px||true|false\u00bb custom_padding_last_edited=\u00bbon|tablet\u00bb custom_padding__hover=\u00bb|||\u00bb][et_pb_button button_text=\u00bbContacto\u00bb button_alignment=\u00bbcenter\u00bb _builder_version=\u00bb4.7.7&#8243; _module_preset=\u00bb5f2af981-4000-4694-97ea-e15070e1f9b7&#8243; custom_button=\u00bbon\u00bb button_text_size=\u00bb15px\u00bb button_text_color=\u00bb#ffffff\u00bb button_bg_color=\u00bb#c39d63&#8243; button_border_width=\u00bb2px\u00bb button_border_color=\u00bb#c39d63&#8243; button_border_radius=\u00bb0px\u00bb button_letter_spacing=\u00bb0.15em\u00bb button_font=\u00bbMontserrat|||on|\u00bb button_use_icon=\u00bboff\u00bb custom_margin=\u00bb||80px||false|false\u00bb locked=\u00bboff\u00bb][\/et_pb_button][et_pb_code admin_label=\u00bbC\u00f3digo\u00bb _builder_version=\u00bb4.7.7&#8243; _module_preset=\u00bbdefault\u00bb locked=\u00bboff\u00bb]<script><!-- [et_pb_line_break_holder] -->\/\/ Detecta y reemplaza H2 en el mensaje de \u00e9xito de Divi Newsletter<!-- [et_pb_line_break_holder] -->document.addEventListener(\"DOMContentLoaded\", function() {<!-- [et_pb_line_break_holder] --><!-- [et_pb_line_break_holder] -->    \/\/ Funci\u00f3n para reemplazar H2 por P dentro de un contenedor<!-- [et_pb_line_break_holder] -->    const replaceH2WithP = container => {<!-- [et_pb_line_break_holder] -->        const h2 = container.querySelector('h2');<!-- [et_pb_line_break_holder] -->        if(h2) {<!-- [et_pb_line_break_holder] -->            const p = document.createElement('p');<!-- [et_pb_line_break_holder] -->            p.textContent = h2.textContent; \/\/ mantiene el texto<!-- [et_pb_line_break_holder] -->            container.replaceChild(p, h2);<!-- [et_pb_line_break_holder] -->        }<!-- [et_pb_line_break_holder] -->    };<!-- [et_pb_line_break_holder] --><!-- [et_pb_line_break_holder] -->    \/\/ Revisa los contenedores que ya existen<!-- [et_pb_line_break_holder] -->    document.querySelectorAll('.et_pb_newsletter_success').forEach(replaceH2WithP);<!-- [et_pb_line_break_holder] --><!-- [et_pb_line_break_holder] -->    \/\/ Observar DOM para mensajes que se generen din\u00e1micamente<!-- [et_pb_line_break_holder] -->    const observer = new MutationObserver(mutations => {<!-- [et_pb_line_break_holder] -->        mutations.forEach(m => {<!-- [et_pb_line_break_holder] -->            m.addedNodes.forEach(node => {<!-- [et_pb_line_break_holder] -->                if(node.classList && node.classList.contains('et_pb_newsletter_success')) {<!-- [et_pb_line_break_holder] -->                    replaceH2WithP(node);<!-- [et_pb_line_break_holder] -->                }<!-- [et_pb_line_break_holder] -->            });<!-- [et_pb_line_break_holder] -->        });<!-- [et_pb_line_break_holder] -->    });<!-- [et_pb_line_break_holder] --><!-- [et_pb_line_break_holder] -->    observer.observe(document.body, { childList: true, subtree: true });<!-- [et_pb_line_break_holder] -->});<!-- [et_pb_line_break_holder] --><\/script><!-- [et_pb_line_break_holder] -->[\/et_pb_code][et_pb_contact_form _builder_version=\u00bb4.7.7&#8243; _module_preset=\u00bbdefault\u00bb custom_css_main_element=\u00bb\/* Bot\u00f3n formulario Divi *\/||.et_pb_contact_submit.et_pb_button {||  background-color: #C39D63 !important;||  border-color: #C39D63 !important;||  color: #ffffff !important;||  font-weight: 700;||}||||\/* Hover *\/||.et_pb_contact_submit.et_pb_button:hover {||  background-color: #b28a4f !important;||  border-color: #b28a4f !important;||  color: #ffffff !important;||}||\u00bb locked=\u00bboff\u00bb][et_pb_contact_field field_id=\u00bbName\u00bb field_title=\u00bbNombre\u00bb _builder_version=\u00bb3.16&#8243; button_text_size__hover_enabled=\u00bboff\u00bb button_one_text_size__hover_enabled=\u00bboff\u00bb button_two_text_size__hover_enabled=\u00bboff\u00bb button_text_color__hover_enabled=\u00bboff\u00bb button_one_text_color__hover_enabled=\u00bboff\u00bb button_two_text_color__hover_enabled=\u00bboff\u00bb button_border_width__hover_enabled=\u00bboff\u00bb button_one_border_width__hover_enabled=\u00bboff\u00bb button_two_border_width__hover_enabled=\u00bboff\u00bb button_border_color__hover_enabled=\u00bboff\u00bb button_one_border_color__hover_enabled=\u00bboff\u00bb button_two_border_color__hover_enabled=\u00bboff\u00bb button_border_radius__hover_enabled=\u00bboff\u00bb button_one_border_radius__hover_enabled=\u00bboff\u00bb button_two_border_radius__hover_enabled=\u00bboff\u00bb button_letter_spacing__hover_enabled=\u00bboff\u00bb button_one_letter_spacing__hover_enabled=\u00bboff\u00bb button_two_letter_spacing__hover_enabled=\u00bboff\u00bb button_bg_color__hover_enabled=\u00bboff\u00bb button_one_bg_color__hover_enabled=\u00bboff\u00bb button_two_bg_color__hover_enabled=\u00bboff\u00bb][\/et_pb_contact_field][et_pb_contact_field field_id=\u00bbEmail\u00bb field_title=\u00bbDirecci\u00f3n de correo electr\u00f3nico\u00bb field_type=\u00bbemail\u00bb _builder_version=\u00bb4.7.7&#8243; button_text_size__hover_enabled=\u00bboff\u00bb button_one_text_size__hover_enabled=\u00bboff\u00bb button_two_text_size__hover_enabled=\u00bboff\u00bb button_text_color__hover_enabled=\u00bboff\u00bb button_one_text_color__hover_enabled=\u00bboff\u00bb button_two_text_color__hover_enabled=\u00bboff\u00bb button_border_width__hover_enabled=\u00bboff\u00bb button_one_border_width__hover_enabled=\u00bboff\u00bb button_two_border_width__hover_enabled=\u00bboff\u00bb button_border_color__hover_enabled=\u00bboff\u00bb button_one_border_color__hover_enabled=\u00bboff\u00bb button_two_border_color__hover_enabled=\u00bboff\u00bb button_border_radius__hover_enabled=\u00bboff\u00bb button_one_border_radius__hover_enabled=\u00bboff\u00bb button_two_border_radius__hover_enabled=\u00bboff\u00bb button_letter_spacing__hover_enabled=\u00bboff\u00bb button_one_letter_spacing__hover_enabled=\u00bboff\u00bb button_two_letter_spacing__hover_enabled=\u00bboff\u00bb button_bg_color__hover_enabled=\u00bboff\u00bb button_one_bg_color__hover_enabled=\u00bboff\u00bb button_two_bg_color__hover_enabled=\u00bboff\u00bb][\/et_pb_contact_field][et_pb_contact_field field_id=\u00bbMessage\u00bb field_title=\u00bbMensaje\u00bb field_type=\u00bbtext\u00bb fullwidth_field=\u00bbon\u00bb _builder_version=\u00bb3.16&#8243; button_text_size__hover_enabled=\u00bboff\u00bb button_one_text_size__hover_enabled=\u00bboff\u00bb button_two_text_size__hover_enabled=\u00bboff\u00bb button_text_color__hover_enabled=\u00bboff\u00bb button_one_text_color__hover_enabled=\u00bboff\u00bb button_two_text_color__hover_enabled=\u00bboff\u00bb button_border_width__hover_enabled=\u00bboff\u00bb button_one_border_width__hover_enabled=\u00bboff\u00bb button_two_border_width__hover_enabled=\u00bboff\u00bb button_border_color__hover_enabled=\u00bboff\u00bb button_one_border_color__hover_enabled=\u00bboff\u00bb button_two_border_color__hover_enabled=\u00bboff\u00bb button_border_radius__hover_enabled=\u00bboff\u00bb button_one_border_radius__hover_enabled=\u00bboff\u00bb button_two_border_radius__hover_enabled=\u00bboff\u00bb button_letter_spacing__hover_enabled=\u00bboff\u00bb button_one_letter_spacing__hover_enabled=\u00bboff\u00bb button_two_letter_spacing__hover_enabled=\u00bboff\u00bb button_bg_color__hover_enabled=\u00bboff\u00bb button_one_bg_color__hover_enabled=\u00bboff\u00bb button_two_bg_color__hover_enabled=\u00bboff\u00bb][\/et_pb_contact_field][\/et_pb_contact_form][\/et_pb_column][\/et_pb_row][\/et_pb_section]<\/p>\n","protected":false},"excerpt":{"rendered":"<p>[et_pb_section fb_built=\u00bb1&#8243; admin_label=\u00bbHeader\u00bb _builder_version=\u00bb4.7.7&#8243; _module_preset=\u00bbdefault\u00bb background_color=\u00bbgcid-84832e44-2b34-4d33-8eb3-ac4d4d31e368&#8243; background_image=\u00bbhttps:\/\/gastronomia.adrirodrigof4.es\/wp-content\/uploads\/2026\/02\/Portada-.jpg\u00bb parallax=\u00bbon\u00bb max_height=\u00bb85vh\u00bb custom_margin=\u00bb||-3px|||\u00bb custom_padding=\u00bb||250px||false|false\u00bb hover_enabled=\u00bb0&#8243; background_last_edited=\u00bbon|phone\u00bb parallax_phone=\u00bboff\u00bb background_position_phone=\u00bbtop_right\u00bb locked=\u00bboff\u00bb collapsed=\u00bbon\u00bb title_text=\u00bbPortada\u00bb sticky_enabled=\u00bb0&#8243;][et_pb_row _builder_version=\u00bb4.7.7&#8243; _module_preset=\u00bbdefault\u00bb animation_style=\u00bbfade\u00bb animation_duration=\u00bb1600ms\u00bb][et_pb_column type=\u00bb4_4&#8243; _builder_version=\u00bb4.21.0&#8243; _module_preset=\u00bbdefault\u00bb][et_pb_text _builder_version=\u00bb4.21.0&#8243; _module_preset=\u00bba3aef665-b401-48b0-94d6-f3acc0307f4d\u00bb header_font=\u00bbPlayfair Display||||\u00bb header_text_color=\u00bb#FFFFFF\u00bb header_font_size=\u00bb72px\u00bb header_line_height=\u00bb1.3em\u00bb text_orientation=\u00bbcenter\u00bb header_font_size_tablet=\u00bb40px\u00bb header_font_size_phone=\u00bb24px\u00bb header_font_size_last_edited=\u00bbon|tablet\u00bb] Aitzol Zugasti Arizmendi [\/et_pb_text][\/et_pb_column][\/et_pb_row][\/et_pb_section][et_pb_section fb_built=\u00bb1&#8243; admin_label=\u00bbOur Team\u00bb _builder_version=\u00bb4.7.7&#8243; background_enable_image=\u00bboff\u00bb background_position=\u00bbtop_left\u00bb custom_margin=\u00bb30px||||false|false\u00bb custom_padding=\u00bb||||false|false\u00bb locked=\u00bboff\u00bb collapsed=\u00bbon\u00bb][et_pb_row column_structure=\u00bb1_2,1_2&#8243; _builder_version=\u00bb4.21.0&#8243; background_size=\u00bbinitial\u00bb background_position=\u00bbtop_left\u00bb [&hellip;]<\/p>\n","protected":false},"author":1,"featured_media":0,"parent":0,"menu_order":0,"comment_status":"closed","ping_status":"closed","template":"","meta":{"_et_pb_use_builder":"on","_et_pb_old_content":"","_et_gb_content_width":"","inline_featured_image":false,"footnotes":""},"class_list":["post-3239","page","type-page","status-publish","hentry"],"_links":{"self":[{"href":"https:\/\/gastronomia.adrirodrigof4.es\/en\/wp-json\/wp\/v2\/pages\/3239","targetHints":{"allow":["GET"]}}],"collection":[{"href":"https:\/\/gastronomia.adrirodrigof4.es\/en\/wp-json\/wp\/v2\/pages"}],"about":[{"href":"https:\/\/gastronomia.adrirodrigof4.es\/en\/wp-json\/wp\/v2\/types\/page"}],"author":[{"embeddable":true,"href":"https:\/\/gastronomia.adrirodrigof4.es\/en\/wp-json\/wp\/v2\/users\/1"}],"replies":[{"embeddable":true,"href":"https:\/\/gastronomia.adrirodrigof4.es\/en\/wp-json\/wp\/v2\/comments?post=3239"}],"version-history":[{"count":29,"href":"https:\/\/gastronomia.adrirodrigof4.es\/en\/wp-json\/wp\/v2\/pages\/3239\/revisions"}],"predecessor-version":[{"id":3830,"href":"https:\/\/gastronomia.adrirodrigof4.es\/en\/wp-json\/wp\/v2\/pages\/3239\/revisions\/3830"}],"wp:attachment":[{"href":"https:\/\/gastronomia.adrirodrigof4.es\/en\/wp-json\/wp\/v2\/media?parent=3239"}],"curies":[{"name":"wp","href":"https:\/\/api.w.org\/{rel}","templated":true}]}}